{"id":738,"date":"2020-03-28T18:17:01","date_gmt":"2020-03-28T18:17:01","guid":{"rendered":"http:\/\/biznes-start.pl\/?page_id=738"},"modified":"2023-04-16T08:26:32","modified_gmt":"2023-04-16T08:26:32","slug":"narzedzia-internetowe","status":"publish","type":"page","link":"https:\/\/biz24.com.pl\/?page_id=738","title":{"rendered":"Narz\u0119dzia internetowe"},"content":{"rendered":"<p><a href=\"http:\/\/biz24.com.pl\/bitcoin\"><figure id=\"attachment_714\" aria-describedby=\"caption-attachment-714\" style=\"width: 364px\" class=\"wp-caption alignnone\"><img decoding=\"async\" src=\"http:\/\/biz24.com.pl\/bitcoin.jpg\" alt=\"\" width=\"364\" height=\"87\" class=\"size-full wp-image-714\" \/><figcaption id=\"caption-attachment-714\" class=\"wp-caption-text\">Narz\u0119dzie umo\u017cliwia przegl\u0105danie aktualnych kurs\u00f3w kryptowalut<\/figcaption><\/figure><\/a><br \/>\nPo wyeksportowaniu kurs\u00f3w kryptowalut mo\u017cliwy jest ich p\u00f3\u017aniejsza analiza w programie Microsoft Excel.<\/p>\n<p><a href=\"http:\/\/biz24.com.pl\/backlink\"><figure id=\"attachment_714\" aria-describedby=\"caption-attachment-714\" style=\"width: 364px\" class=\"wp-caption alignnone\"><img decoding=\"async\" src=\"http:\/\/biz24.com.pl\/backlink.jpg\" alt=\"\" width=\"364\" height=\"87\" class=\"size-full wp-image-714\" \/><figcaption id=\"caption-attachment-714\" class=\"wp-caption-text\">Narz\u0119dzie do generowania link\u00f3w zwrotnych<\/figcaption><\/figure><\/a><br \/>\nNarz\u0119dzie pozwala na dodawanie link\u00f3w zwrotnych do strony internetowych.<\/p>\n<p><a href=\"http:\/\/biz24.com.pl\/social\"><figure id=\"attachment_714\" aria-describedby=\"caption-attachment-714\" style=\"width: 364px\" class=\"wp-caption alignnone\"><img decoding=\"async\" src=\"http:\/\/biz24.com.pl\/social.jpg\" alt=\"\" width=\"364\" height=\"87\" class=\"size-full wp-image-714\" \/><figcaption id=\"caption-attachment-714\" class=\"wp-caption-text\">Analizator medi\u00f3w spo\u0142eczno\u015bciowych<\/figcaption><\/figure><\/a><br \/>\nNarz\u0119dzie s\u0142u\u017cy do przeprowadzenia analizy medi\u00f3w spo\u0142eczno\u015bciowych dla wybranej domeny internetowej.<\/p>\n<p><a href=\"http:\/\/biz24.com.pl\/seo\"><figure id=\"attachment_714\" aria-describedby=\"caption-attachment-714\" style=\"width: 364px\" class=\"wp-caption alignnone\"><img loading=\"lazy\" decoding=\"async\" src=\"http:\/\/biz24.com.pl\/seo.jpg\" alt=\"\" width=\"364\" height=\"87\" class=\"size-full wp-image-714\" \/><figcaption id=\"caption-attachment-714\" class=\"wp-caption-text\">Analizator SEO<\/figcaption><\/figure><\/a><br \/>\nNarz\u0119dzie s\u0142u\u017cy do przeprowadzenia analizy zawarto\u015bci i poprawno\u015bci wykonania strony internetowej. Pop przeprowadzeniu testu uzyskamy informacje na temat tematu strony, link\u00f3w zewn\u0119trznych i wewn\u0119trznych, cz\u0119stotliwo\u015bci wyst\u0119powania s\u0142\u00f3w kluczowych, zastosowane meta tagi, znaczniki. obrazy oraz inne istotne informacje z punktu widzenia dobrej widoczno\u015bci strony w wyszukiwarkach internetowych.<\/p>\n<p><a href=\"http:\/\/biz24.com.pl\/value\"><figure id=\"attachment_714\" aria-describedby=\"caption-attachment-714\" style=\"width: 364px\" class=\"wp-caption alignnone\"><img loading=\"lazy\" decoding=\"async\" src=\"http:\/\/biz24.com.pl\/ws.jpg\" alt=\"\" width=\"364\" height=\"87\" class=\"size-full wp-image-714\" \/><figcaption id=\"caption-attachment-714\" class=\"wp-caption-text\">Analizator stron WWW<\/figcaption><\/figure><\/a><br \/>\nNarz\u0119dzie s\u0142u\u017cy do przeprowadzenia wyceny strony internetowej, a przy okazji mo\u017cna uzyska\u0107 r\u00f3wnie\u017c podstawowe statystyki dotycz\u0105ce strony internetowej.<\/p>\n<p><a href=\"http:\/\/biz24.com.pl\/secure\"><figure id=\"attachment_714\" aria-describedby=\"caption-attachment-714\" style=\"width: 364px\" class=\"wp-caption alignnone\"><img loading=\"lazy\" decoding=\"async\" src=\"http:\/\/biz24.com.pl\/wt.jpg\" alt=\"\" width=\"364\" height=\"87\" class=\"size-full wp-image-714\" \/><figcaption id=\"caption-attachment-714\" class=\"wp-caption-text\">Skaner bezpiecze\u0144stwa stron www<\/figcaption><\/figure><\/a><br \/>\nNarz\u0119dzie s\u0142u\u017cy do przeprowadzenia testu bezpiecze\u0144stwa wybranej do testu strony internetowej. Opr\u00f3cz podstawowych danych bezpiecze\u0144stwa mo\u017cna r\u00f3wnie\u017c uzyska\u0107 ocen\u0119 bezpiecze\u0144stwa wykonane przez \u015bwiatowe serwisy takiej jak Norton Safe Web, SiteAdvisor (McAfee), czy Yandex (przez Sophos). <\/p>\n<p><a href=\"http:\/\/biz24.com.pl\/mobile\"><figure id=\"attachment_714\" aria-describedby=\"caption-attachment-714\" style=\"width: 364px\" class=\"wp-caption alignnone\"><img loading=\"lazy\" decoding=\"async\" src=\"http:\/\/biz24.com.pl\/mobile.jpg\" alt=\"\" width=\"364\" height=\"87\" class=\"size-full wp-image-714\" \/><figcaption id=\"caption-attachment-714\" class=\"wp-caption-text\">Tworzenie mobilnych stron www<\/figcaption><\/figure><\/a><br \/>\nNarz\u0119dzie s\u0142u\u017cy dotworzenia prostych mobilnych stron internetowych. Po zalogowaniu si\u0119 do serwisu b\u0119dziemy w stanie wykona\u0107 i nast\u0119pnie wyeksportowa\u0107 prost\u0105 mobiln\u0105 stron\u0119 internetow\u0105, kt\u00f3r\u0105 nast\u0119pnie mo\u017cna umie\u015bci\u0107 na serwerze.<\/p>\n<p><a href=\"http:\/\/biz24.com.pl\/backlinks\"><figure id=\"attachment_714\" aria-describedby=\"caption-attachment-714\" style=\"width: 364px\" class=\"wp-caption alignnone\"><img loading=\"lazy\" decoding=\"async\" src=\"http:\/\/biz24.com.pl\/backlinks.jpg\" alt=\"\" width=\"364\" height=\"87\" class=\"size-full wp-image-714\" \/><figcaption id=\"caption-attachment-714\" class=\"wp-caption-text\">Analizator link\u00f3w zwrotnych do stron www<\/figcaption><\/figure><\/a><br \/>\nAnalizator link\u00f3w zwrotnych &#8211; pozwala analizowa\u0107 przychodz\u0105ce linki internetowe prowadz\u0105ce do Twojej witryny. Im wi\u0119cej link\u00f3w zwrotnych prowadzi do strony, tym lepiej ta strona jest widoczna w Internecie.<\/p>\n<p><a href=\"http:\/\/biz24.com.pl\/forex\"><figure id=\"attachment_714\" aria-describedby=\"caption-attachment-714\" style=\"width: 364px\" class=\"wp-caption alignnone\"><img loading=\"lazy\" decoding=\"async\" src=\"http:\/\/biz24.com.pl\/kw.png\" alt=\"\" width=\"364\" height=\"87\" class=\"size-full wp-image-714\" \/><figcaption id=\"caption-attachment-714\" class=\"wp-caption-text\">ARaport kurs\u00f3w walut<\/figcaption><\/figure><\/a><br \/>\nRaport kurs\u00f3w walutowych prezentuje aktualne zestawienie kurs\u00f3w g\u0142\u00f3wnych walut w stosunku do dolara ameryka\u0144skiego. Dodatkowo raport pozwala na eksport wy\u015bwietlanych kurs\u00f3w do pliku.<\/p>\n<p><a href=\"http:\/\/biz24.com.pl\/qrcode\"><figure id=\"attachment_714\" aria-describedby=\"caption-attachment-714\" style=\"width: 364px\" class=\"wp-caption alignnone\"><img loading=\"lazy\" decoding=\"async\" src=\"http:\/\/biz24.com.pl\/qr.png\" alt=\"\" width=\"364\" height=\"87\" class=\"size-full wp-image-714\" \/><figcaption id=\"caption-attachment-714\" class=\"wp-caption-text\">Generator kod\u00f3w QR<\/figcaption><\/figure><\/a><br \/>\nGenerator kod\u00f3w QR pozwala na generowanie kodu QR, na podstawie wpisanej frazy, zdania lub ci\u0105gu znakowego. Wy\u015bwietlony kod QR mo\u017cna wykorzysta\u0107 do r\u00f3\u017cnych cel\u00f3w, na przyk\u0142ad do wydrukowania etykiety. <\/p>\n","protected":false},"excerpt":{"rendered":"<p>Po wyeksportowaniu kurs\u00f3w kryptowalut mo\u017cliwy jest ich p\u00f3\u017aniejsza analiza w programie Microsoft Excel. Narz\u0119dzie pozwala na dodawanie link\u00f3w zwrotnych do strony internetowych. Narz\u0119dzie s\u0142u\u017cy do przeprowadzenia analizy medi\u00f3w spo\u0142eczno\u015bciowych dla wybranej domeny internetowej. Narz\u0119dzie s\u0142u\u017cy do przeprowadzenia analizy zawarto\u015bci i poprawno\u015bci wykonania strony internetowej. Pop przeprowadzeniu testu uzyskamy informacje na temat tematu strony, link\u00f3w zewn\u0119trznych [&hellip;]<\/p>\n","protected":false},"author":1,"featured_media":0,"parent":0,"menu_order":0,"comment_status":"closed","ping_status":"closed","template":"","meta":{"_uag_custom_page_level_css":"","site-sidebar-layout":"default","site-content-layout":"","ast-site-content-layout":"default","site-content-style":"default","site-sidebar-style":"default","ast-global-header-display":"","ast-banner-title-visibility":"","ast-main-header-display":"","ast-hfb-above-header-display":"","ast-hfb-below-header-display":"","ast-hfb-mobile-header-display":"","site-post-title":"","ast-breadcrumbs-content":"","ast-featured-img":"","footer-sml-layout":"","ast-disable-related-posts":"","theme-transparent-header-meta":"","adv-header-id-meta":"","stick-header-meta":"","header-above-stick-meta":"","header-main-stick-meta":"","header-below-stick-meta":"","astra-migrate-meta-layouts":"default","ast-page-background-enabled":"default","ast-page-background-meta":{"desktop":{"background-color":"var(--ast-global-color-4)","background-image":"","background-repeat":"repeat","background-position":"center center","background-size":"auto","background-attachment":"scroll","background-type":"","background-media":"","overlay-type":"","overlay-color":"","overlay-opacity":"","overlay-gradient":""},"tablet":{"background-color":"","background-image":"","background-repeat":"repeat","background-position":"center center","background-size":"auto","background-attachment":"scroll","background-type":"","background-media":"","overlay-type":"","overlay-color":"","overlay-opacity":"","overlay-gradient":""},"mobile":{"background-color":"","background-image":"","background-repeat":"repeat","background-position":"center center","background-size":"auto","background-attachment":"scroll","background-type":"","background-media":"","overlay-type":"","overlay-color":"","overlay-opacity":"","overlay-gradient":""}},"ast-content-background-meta":{"desktop":{"background-color":"var(--ast-global-color-5)","background-image":"","background-repeat":"repeat","background-position":"center center","background-size":"auto","background-attachment":"scroll","background-type":"","background-media":"","overlay-type":"","overlay-color":"","overlay-opacity":"","overlay-gradient":""},"tablet":{"background-color":"var(--ast-global-color-5)","background-image":"","background-repeat":"repeat","background-position":"center center","background-size":"auto","background-attachment":"scroll","background-type":"","background-media":"","overlay-type":"","overlay-color":"","overlay-opacity":"","overlay-gradient":""},"mobile":{"background-color":"var(--ast-global-color-5)","background-image":"","background-repeat":"repeat","background-position":"center center","background-size":"auto","background-attachment":"scroll","background-type":"","background-media":"","overlay-type":"","overlay-color":"","overlay-opacity":"","overlay-gradient":""}},"footnotes":""},"class_list":["post-738","page","type-page","status-publish","hentry"],"spectra_custom_meta":{"_edit_last":["1"],"_edit_lock":["1706901959:1"],"_wp_page_template":["default"],"_yoast_wpseo_content_score":["30"],"ampforwp_custom_content_editor":[""],"ampforwp_custom_content_editor_checkbox":[""],"ampforwp-amp-on-off":["default"],"rank_math_robots":["a:1:{i:0;s:5:\"index\";}"],"rank_math_internal_links_processed":["1"],"_vcv-sourceChecksum":["d2c82d7998f7a48c79a22692620958e0"],"vcvSourceCssFileUrl":[""],"_vcv-globalCssMigrated":["1"],"vcv-be-editor":["gutenberg"],"_uag_css_file_name":["uag-css-738.css"],"_uag_js_file_name":["uag-js-738.js"],"_uag_page_assets":["a:9:{s:3:\"css\";s:12878:\".wp-block-uagb-container{display:flex;position:relative;box-sizing:border-box;transition-property:box-shadow;transition-duration:0.2s;transition-timing-function:ease}.wp-block-uagb-container .spectra-container-link-overlay{bottom:0;left:0;position:absolute;right:0;top:0;z-index:10}.wp-block-uagb-container.uagb-is-root-container{margin-left:auto;margin-right:auto}.wp-block-uagb-container.alignfull.uagb-is-root-container .uagb-container-inner-blocks-wrap{display:flex;position:relative;box-sizing:border-box;margin-left:auto !important;margin-right:auto !important}.wp-block-uagb-container .wp-block-uagb-blockquote,.wp-block-uagb-container .wp-block-spectra-pro-login,.wp-block-uagb-container .wp-block-spectra-pro-register{margin:unset}.wp-block-uagb-container .uagb-container__video-wrap{height:100%;width:100%;top:0;left:0;position:absolute;overflow:hidden;-webkit-transition:opacity 1s;-o-transition:opacity 1s;transition:opacity 1s}.wp-block-uagb-container .uagb-container__video-wrap video{max-width:100%;width:100%;height:100%;margin:0;line-height:1;border:none;display:inline-block;vertical-align:baseline;-o-object-fit:cover;object-fit:cover;background-size:cover}.wp-block-uagb-container.uagb-layout-grid{display:grid;width:100%}.wp-block-uagb-container.uagb-layout-grid>.uagb-container-inner-blocks-wrap{display:inherit;width:inherit}.wp-block-uagb-container.uagb-layout-grid>.uagb-container-inner-blocks-wrap>.wp-block-uagb-container{max-width:unset !important;width:unset !important}.wp-block-uagb-container.uagb-layout-grid>.wp-block-uagb-container{max-width:unset !important;width:unset !important}.wp-block-uagb-container.uagb-layout-grid.uagb-is-root-container{margin-left:auto;margin-right:auto}.wp-block-uagb-container.uagb-layout-grid.uagb-is-root-container>.wp-block-uagb-container{max-width:unset !important;width:unset !important}.wp-block-uagb-container.uagb-layout-grid.alignwide.uagb-is-root-container{margin-left:auto;margin-right:auto}.wp-block-uagb-container.uagb-layout-grid.alignfull.uagb-is-root-container .uagb-container-inner-blocks-wrap{display:inherit;position:relative;box-sizing:border-box;margin-left:auto !important;margin-right:auto !important}body .wp-block-uagb-container>.uagb-container-inner-blocks-wrap>*:not(.wp-block-uagb-container):not(.wp-block-uagb-column):not(.wp-block-uagb-container):not(.wp-block-uagb-section):not(.uagb-container__shape):not(.uagb-container__video-wrap):not(.wp-block-spectra-pro-register):not(.wp-block-spectra-pro-login):not(.uagb-slider-container):not(.spectra-image-gallery__control-lightbox):not(.wp-block-uagb-info-box),body .wp-block-uagb-container>.uagb-container-inner-blocks-wrap,body .wp-block-uagb-container>*:not(.wp-block-uagb-container):not(.wp-block-uagb-column):not(.wp-block-uagb-container):not(.wp-block-uagb-section):not(.uagb-container__shape):not(.uagb-container__video-wrap):not(.wp-block-spectra-pro-register):not(.wp-block-spectra-pro-login):not(.uagb-slider-container):not(.spectra-container-link-overlay):not(.spectra-image-gallery__control-lightbox):not(.wp-block-uagb-lottie):not(.uagb-faq__outer-wrap){min-width:unset !important;width:100%;position:relative}body .ast-container .wp-block-uagb-container>.uagb-container-inner-blocks-wrap>.wp-block-uagb-container>ul,body .ast-container .wp-block-uagb-container>.uagb-container-inner-blocks-wrap>.wp-block-uagb-container ol,body .ast-container .wp-block-uagb-container>.uagb-container-inner-blocks-wrap>ul,body .ast-container .wp-block-uagb-container>.uagb-container-inner-blocks-wrap ol{max-width:-webkit-fill-available;margin-block-start:0;margin-block-end:0;margin-left:20px}.ast-plain-container .editor-styles-wrapper .block-editor-block-list__layout.is-root-container .uagb-is-root-container.wp-block-uagb-container.alignwide{margin-left:auto;margin-right:auto}.uagb-container__shape{overflow:hidden;position:absolute;left:0;width:100%;line-height:0;direction:ltr}.uagb-container__shape-top{top:-3px}.uagb-container__shape-bottom{bottom:-3px}.uagb-container__shape.uagb-container__invert.uagb-container__shape-bottom,.uagb-container__shape.uagb-container__invert.uagb-container__shape-top{-webkit-transform:rotate(180deg);-ms-transform:rotate(180deg);transform:rotate(180deg)}.uagb-container__shape.uagb-container__shape-flip svg{transform:translateX(-50%) rotateY(180deg)}.uagb-container__shape svg{display:block;width:-webkit-calc(100% + 1.3px);width:calc(100% + 1.3px);position:relative;left:50%;-webkit-transform:translateX(-50%);-ms-transform:translateX(-50%);transform:translateX(-50%)}.uagb-container__shape .uagb-container__shape-fill{-webkit-transform-origin:center;-ms-transform-origin:center;transform-origin:center;-webkit-transform:rotateY(0deg);transform:rotateY(0deg)}.uagb-container__shape.uagb-container__shape-above-content{z-index:9;pointer-events:none}.nv-single-page-wrap .nv-content-wrap.entry-content .wp-block-uagb-container.alignfull{margin-left:calc(50% - 50vw);margin-right:calc(50% - 50vw)}@media only screen and (max-width: 767px){.wp-block-uagb-container .wp-block-uagb-advanced-heading{width:-webkit-fill-available}}.wp-block-uagb-image--align-none{justify-content:center}\n.wp-block-uagb-container.uagb-block-8f821ff9 .uagb-container__shape-top svg{width: calc( 100% + 1.3px );}.wp-block-uagb-container.uagb-block-8f821ff9 .uagb-container__shape.uagb-container__shape-top .uagb-container__shape-fill{fill: rgba(51,51,51,1);}.wp-block-uagb-container.uagb-block-8f821ff9 .uagb-container__shape-bottom svg{width: calc( 100% + 1.3px );}.wp-block-uagb-container.uagb-block-8f821ff9 .uagb-container__shape.uagb-container__shape-bottom .uagb-container__shape-fill{fill: rgba(51,51,51,1);}.wp-block-uagb-container.uagb-block-8f821ff9 .uagb-container__video-wrap video{opacity: 1;}.wp-block-uagb-container.uagb-is-root-container .uagb-block-8f821ff9{max-width: 100%;width: 100%;}.wp-block-uagb-container.uagb-is-root-container.alignfull.uagb-block-8f821ff9 > .uagb-container-inner-blocks-wrap{--inner-content-custom-width: min( 100%, 1200px);max-width: var(--inner-content-custom-width);width: 100%;flex-direction: column;align-items: center;justify-content: center;flex-wrap: nowrap;row-gap: 20px;column-gap: 20px;}.wp-block-uagb-container.uagb-block-8f821ff9{box-shadow: 0px 0px   #00000070 ;padding-top: 10px;padding-bottom: 10px;padding-left: 10px;padding-right: 10px;margin-top:  !important;margin-bottom:  !important;overflow: visible;order: initial;border-color: inherit;row-gap: 20px;column-gap: 20px;}@media only screen and (max-width: 976px) {.wp-block-uagb-container.uagb-is-root-container .uagb-block-8f821ff9{width: 100%;}.wp-block-uagb-container.uagb-is-root-container.alignfull.uagb-block-8f821ff9 > .uagb-container-inner-blocks-wrap{--inner-content-custom-width: min( 100%, 1024px);max-width: var(--inner-content-custom-width);width: 100%;}.wp-block-uagb-container.uagb-block-8f821ff9{padding-top: 10px;padding-bottom: 10px;padding-left: 10px;padding-right: 10px;margin-top:  !important;margin-bottom:  !important;order: initial;}}@media only screen and (max-width: 767px) {.wp-block-uagb-container.uagb-is-root-container .uagb-block-8f821ff9{max-width: 100%;width: 100%;}.wp-block-uagb-container.uagb-is-root-container.alignfull.uagb-block-8f821ff9 > .uagb-container-inner-blocks-wrap{--inner-content-custom-width: min( 100%, 767px);max-width: var(--inner-content-custom-width);width: 100%;flex-wrap: wrap;}.wp-block-uagb-container.uagb-block-8f821ff9{padding-top: 10px;padding-bottom: 10px;padding-left: 10px;padding-right: 10px;margin-top:  !important;margin-bottom:  !important;order: initial;}}.uag-blocks-common-selector{z-index:var(--z-index-desktop) !important}@media (max-width: 976px){.uag-blocks-common-selector{z-index:var(--z-index-tablet) !important}}@media (max-width: 767px){.uag-blocks-common-selector{z-index:var(--z-index-mobile) !important}}\n.uagb-social-share__outer-wrap,.uagb-social-share__wrap{display:flex;align-items:center;justify-content:center}.uagb-social-share__layout-vertical.uagb-social-share__outer-wrap,.uagb-social-share__layout-vertical .uagb-social-share__wrap{flex-direction:column}.uagb-social-share__layout-vertical .wp-block-uagb-social-share-child.uagb-ss-repeater.uagb-ss__wrapper:first-child{margin-top:0 !important}.uagb-social-share__layout-vertical .wp-block-uagb-social-share-child.uagb-ss-repeater.uagb-ss__wrapper:last-child{margin-bottom:0 !important}.uagb-social-share__outer-wrap a.uagb-button__link:focus{box-shadow:none}.uagb-social-share__outer-wrap .uagb-ss__wrapper{padding:0;margin-left:5px;margin-right:5px;transition:all 0.2s;display:inline-flex;text-align:center}.uagb-social-share__outer-wrap .uagb-ss__source-wrap{display:inline-block}.uagb-social-share__outer-wrap .uagb-ss__link{color:#3a3a3a;display:inline-table;line-height:0;cursor:pointer}.uagb-social-share__outer-wrap .uagb-ss__source-icon{font-size:40px;width:40px;height:40px}.uagb-social-share__outer-wrap .uagb-ss__source-image{width:40px}@media (max-width: 976px){.uagb-social-share__layout-horizontal .uagb-ss__wrapper{margin-left:0;margin-right:0}}.uagb-social-share__layout-horizontal .wp-block-uagb-social-share-child.uagb-ss-repeater.uagb-ss__wrapper:first-child{margin-left:0 !important}.uagb-social-share__layout-horizontal .wp-block-uagb-social-share-child.uagb-ss-repeater.uagb-ss__wrapper:last-child{margin-right:0 !important}\n.wp-block-uagb-social-share .uagb-social-share__wrapper{text-decoration:none}.uagb-social-share__wrapper{box-shadow:none}.uagb-social-share__outer-wrap:not(.uagb-social-share__no-label) .uagb-social-share__source-wrap{margin-right:15px}.uagb-social-share__outer-wrap.uagb-social-share__icon-at-top .uagb-social-share__source-wrap{-ms-flex-item-align:flex-start;align-self:flex-start;margin-top:5px}\n.uagb-block-3ae33ecd .uagb-ss-repeater span.uagb-ss__link{color: #3a3a3a;}.uagb-block-3ae33ecd .uagb-ss-repeater a.uagb-ss__link{color: #3a3a3a;}.uagb-block-3ae33ecd .uagb-ss-repeater span.uagb-ss__link svg{fill: #3a3a3a;}.uagb-block-3ae33ecd .uagb-ss-repeater a.uagb-ss__link svg{fill: #3a3a3a;}.uagb-block-3ae33ecd.uagb-social-share__layout-vertical .uagb-ss__wrapper{margin-left: 0;margin-right: 0;margin-top: 5px;margin-bottom: 5px;}.uagb-block-3ae33ecd.uagb-social-share__layout-vertical .uagb-ss__link{padding: 10px;}.uagb-block-3ae33ecd.uagb-social-share__layout-horizontal .uagb-ss__link{padding: 10px;}.uagb-block-3ae33ecd.uagb-social-share__layout-horizontal .uagb-ss__wrapper{margin-left: 5px;margin-right: 5px;}.uagb-block-3ae33ecd .wp-block-uagb-social-share-child {border-radius: 0px;}.uagb-block-3ae33ecd .uagb-ss__source-wrap{width: 30px;}.uagb-block-3ae33ecd .uagb-ss__source-wrap svg{width: 30px;height: 30px;}.uagb-block-3ae33ecd .uagb-ss__source-image{width: 30px;}.uagb-block-3ae33ecd .uagb-ss__source-icon{width: 30px;height: 30px;font-size: 30px;}.uagb-block-3ae33ecd.uagb-social-share__outer-wrap{justify-content: center;-webkit-box-pack: center;-ms-flex-pack: center;-webkit-box-align: center;-ms-flex-align: center;align-items: center;}.uagb-block-8a7dc216.uagb-ss-repeater span.uagb-ss__link{color: #3b5998;}.uagb-block-8a7dc216.uagb-ss-repeater a.uagb-ss__link{color: #3b5998;}.uagb-block-8a7dc216.uagb-ss-repeater span.uagb-ss__link svg{fill: #3b5998;}.uagb-block-8a7dc216.uagb-ss-repeater a.uagb-ss__link svg{fill: #3b5998;}.uagb-block-35957603.uagb-ss-repeater span.uagb-ss__link{color: #55acee;}.uagb-block-35957603.uagb-ss-repeater a.uagb-ss__link{color: #55acee;}.uagb-block-35957603.uagb-ss-repeater span.uagb-ss__link svg{fill: #55acee;}.uagb-block-35957603.uagb-ss-repeater a.uagb-ss__link svg{fill: #55acee;}.uagb-block-515c7d20.uagb-ss-repeater span.uagb-ss__link{color: #0077b5;}.uagb-block-515c7d20.uagb-ss-repeater a.uagb-ss__link{color: #0077b5;}.uagb-block-515c7d20.uagb-ss-repeater span.uagb-ss__link svg{fill: #0077b5;}.uagb-block-515c7d20.uagb-ss-repeater a.uagb-ss__link svg{fill: #0077b5;}@media only screen and (max-width: 976px) {.uagb-block-3ae33ecd.uagb-social-share__layout-vertical .uagb-ss__wrapper{margin-left: 0;margin-right: 0;margin-top: 5px;margin-bottom: 5px;}.uagb-block-3ae33ecd.uagb-social-share__layout-horizontal .uagb-ss__wrapper{margin-left: 5px;margin-right: 5px;}.uagb-block-3ae33ecd.uagb-social-share__outer-wrap{justify-content: center;-webkit-box-pack: center;-ms-flex-pack: center;-webkit-box-align: center;-ms-flex-align: center;align-items: center;}}@media only screen and (max-width: 767px) {.uagb-block-3ae33ecd.uagb-social-share__layout-vertical .uagb-ss__wrapper{margin-left: 0;margin-right: 0;margin-top: 5px;margin-bottom: 5px;}.uagb-block-3ae33ecd.uagb-social-share__layout-horizontal .uagb-ss__wrapper{margin-left: 5px;margin-right: 5px;}.uagb-block-3ae33ecd.uagb-social-share__outer-wrap{justify-content: center;-webkit-box-pack: center;-ms-flex-pack: center;-webkit-box-align: center;-ms-flex-align: center;align-items: center;}}\";s:2:\"js\";s:921:\"document.addEventListener(\"DOMContentLoaded\", function(){ var ssLinksParent = document.querySelector( '.uagb-block-3ae33ecd' );\nssLinksParent?.addEventListener( 'keyup', function ( e ) {\nvar link = e.target.closest( '.uagb-ss__link' );\nif ( link && e.keyCode === 13 ) {\n\thandleSocialLinkClick( link );\n}\n});\n\nssLinksParent?.addEventListener( 'click', function ( e ) {\nvar link = e.target.closest( '.uagb-ss__link' );\nif ( link ) {\n\thandleSocialLinkClick( link );\n}\n});\n\nfunction handleSocialLinkClick( link ) {\nvar social_url = link.dataset.href;\nvar target = \"\";\nif ( social_url == \"mailto:?body=\" ) {\n\ttarget = \"_self\";\n}\nvar request_url = \"\";\nif ( social_url.indexOf(\"\/pin\/create\/link\/?url=\") !== -1 ) {\n\trequest_url = social_url + encodeURIComponent( window.location.href ) + \"&media=\" + '';\n} else {\n\trequest_url = social_url + encodeURIComponent( window.location.href );\n}\nwindow.open( request_url, target );\n}\n });\";s:18:\"current_block_list\";a:6:{i:0;s:14:\"uagb\/container\";i:1;s:17:\"core\/widget-group\";i:2;s:15:\"core\/categories\";i:3;s:10:\"core\/image\";i:4;s:17:\"uagb\/social-share\";i:5;s:23:\"uagb\/social-share-child\";}s:8:\"uag_flag\";b:1;s:11:\"uag_version\";s:10:\"1775764472\";s:6:\"gfonts\";a:0:{}s:10:\"gfonts_url\";s:0:\"\";s:12:\"gfonts_files\";a:0:{}s:14:\"uag_faq_layout\";b:0;}"]},"uagb_featured_image_src":{"full":false,"thumbnail":false,"medium":false,"medium_large":false,"large":false,"1536x1536":false,"2048x2048":false},"uagb_author_info":{"display_name":"PROSUN","author_link":"https:\/\/biz24.com.pl\/?author=1"},"uagb_comment_info":0,"uagb_excerpt":"Po wyeksportowaniu kurs\u00f3w kryptowalut mo\u017cliwy jest ich p\u00f3\u017aniejsza analiza w programie Microsoft Excel. Narz\u0119dzie pozwala na dodawanie link\u00f3w zwrotnych do strony internetowych. Narz\u0119dzie s\u0142u\u017cy do przeprowadzenia analizy medi\u00f3w spo\u0142eczno\u015bciowych dla wybranej domeny internetowej. Narz\u0119dzie s\u0142u\u017cy do przeprowadzenia analizy zawarto\u015bci i poprawno\u015bci wykonania strony internetowej. Pop przeprowadzeniu testu uzyskamy informacje na temat tematu strony, link\u00f3w zewn\u0119trznych&hellip;","_links":{"self":[{"href":"https:\/\/biz24.com.pl\/index.php?rest_route=\/wp\/v2\/pages\/738","targetHints":{"allow":["GET"]}}],"collection":[{"href":"https:\/\/biz24.com.pl\/index.php?rest_route=\/wp\/v2\/pages"}],"about":[{"href":"https:\/\/biz24.com.pl\/index.php?rest_route=\/wp\/v2\/types\/page"}],"author":[{"embeddable":true,"href":"https:\/\/biz24.com.pl\/index.php?rest_route=\/wp\/v2\/users\/1"}],"replies":[{"embeddable":true,"href":"https:\/\/biz24.com.pl\/index.php?rest_route=%2Fwp%2Fv2%2Fcomments&post=738"}],"version-history":[{"count":18,"href":"https:\/\/biz24.com.pl\/index.php?rest_route=\/wp\/v2\/pages\/738\/revisions"}],"predecessor-version":[{"id":1211,"href":"https:\/\/biz24.com.pl\/index.php?rest_route=\/wp\/v2\/pages\/738\/revisions\/1211"}],"wp:attachment":[{"href":"https:\/\/biz24.com.pl\/index.php?rest_route=%2Fwp%2Fv2%2Fmedia&parent=738"}],"curies":[{"name":"wp","href":"https:\/\/api.w.org\/{rel}","templated":true}]}}