{"id":150,"date":"2016-02-07T10:21:49","date_gmt":"2016-02-07T10:21:49","guid":{"rendered":"http:\/\/biznes-start.pl\/?page_id=150"},"modified":"2024-10-07T16:50:27","modified_gmt":"2024-10-07T16:50:27","slug":"przyszlosc-dzialalnosci-gospodarczej","status":"publish","type":"page","link":"https:\/\/biz24.com.pl\/?page_id=150","title":{"rendered":"Przysz\u0142o\u015b\u0107 dzia\u0142alno\u015bci gospodarczej."},"content":{"rendered":"<p>XIX wiek to okres <strong>rewolucji przemys\u0142owej<\/strong>, bazuj\u0105cej przede wszystkim na rozwoju technologii i proces\u00f3w przemys\u0142owych, umo\u017cliwiaj\u0105cych przetwarzanie surowc\u00f3w mineralnych w produkty codziennego u\u017cytku (garnki, sztu\u0107ce, meble, inne) oraz tworzenie infrastruktury niezb\u0119dnej do \u017cycia ludzi na ziemi (kolej, drogi, budynki i budowle).<\/p>\n<p>XX wiek to okres <strong>zarz\u0105dzania wiedz\u0105<\/strong>, globalizacji oraz pocz\u0105tki rozwoju technologii informatycznych. W ramach globalizacji kraje Azji staj\u0105 si\u0119 coraz bardziej centrum produkcji przemys\u0142owej szerokiej gamy produkt\u00f3w (nie dotyczy to produkt\u00f3w niszowych oraz us\u0142ug wymagaj\u0105cych bezpo\u015bredniego kontaktu z ostatecznym klientem). Indie z uwagi na niskie koszty pracy oraz kierunkowy system kszta\u0142cenia specjalizuj\u0105 si\u0119 w technologi\u0105 informatycznych. Kraje Ameryki Po\u0142udniowej, Afryki staj\u0105 si\u0119 spichlerzem \u015bwiata, gdzie po wyci\u0119ciu du\u017cych po\u0142aci las\u00f3w  uprawiana jest na skal\u0119 przemys\u0142ow\u0105 \u017cywo\u015b\u0107.   <\/p>\n<p>XXI wiek to z kolei okres <strong>innowacyjno\u015bci, robotyzacji proces\u00f3w produkcyjnych <\/strong> oraz w skali mikro <strong> przedsi\u0119biorczo\u015bci<\/strong>, kt\u00f3ra staje si\u0119 podstaw\u0105 \u017cycia wielu ludzi na ziemi. Przedsi\u0119biorczo\u015b\u0107 to umiej\u0119tno\u015b\u0107, ale tak\u017ce wiedza, kt\u00f3r\u0105 mo\u017cemy naby\u0107 lub rozwija\u0107 podejmuj\u0105c ci\u0105gle nowe wyzwania zwi\u0105zane z prowadzeniem dzia\u0142alno\u015bci gospodarczej.<\/p>\n<p>Poj\u0119ciem nieroz\u0142\u0105cznie zwi\u0105zanym z XXI wiekiem jest <strong>&#8222;shared economy&#8221;<\/strong>, kt\u00f3ra bazuje na intensywnym rozwoju technologii informatycznych (PC -> laptop -> tablet -> smartfon). \u015awiat staje si\u0119 coraz mniejszy (stale \u0142amane s\u0105 bariery zwi\u0105zane z dost\u0119pem do informacji, oferowaniem produkt\u00f3w i us\u0142ug &#8222;on-line&#8221;), a z drugiej strony <strong>&#8222;internet&#8221; <\/strong>daje nieograniczone mo\u017cliwo\u015bci prowadzenia dzia\u0142alno\u015bci gospodarczej.  Coraz cz\u0119\u015bciej pojawiaj\u0105cym si\u0119 poj\u0119ciem w biznesie jest &#8222;<strong>freelancer<\/strong>&#8221; czyli osoba wynajmowana do realizacji r\u00f3\u017cnych zlece\u0144 (projekt\u00f3w wi\u0119kszej i mniejszej skali).<\/p>\n<p><strong>&#8222;Shared economy&#8221;<\/strong> za pomoc\u0105 medium internetowego daje szerokie mo\u017cliwo\u015bci prowadzenia dzia\u0142alno\u015bci biznesowej, nawet osobom posiadaj\u0105cym stosunkowo niewielki <strong>kapita\u0142<\/strong>.<\/p>\n<p>Obecnie chc\u0105c prowadzi\u0107 dzia\u0142alno\u015b\u0107 hotelarsk\u0105, taks\u00f3wkow\u0105, sprzeda\u017cow\u0105, programistyczn\u0105 czy transportow\u0105, dzi\u0119ki r\u00f3\u017cnym <strong>specjalistycznym platformom internetowym <\/strong> mo\u017cemy uzyskiwa\u0107 zlecenia od klient\u00f3w, bez konieczno\u015bci inwestowania olbrzymich \u015brodk\u00f3w pieni\u0119\u017cnych w infrastruktur\u0119 typow\u0105 w firmach z XX wieku (budowa\u0107 du\u017ce dzia\u0142y sprzeda\u017cy, logistyki, ksi\u0119gowo\u015bci, informatyki, czy inne).<\/p>\n<p>W XXI wieku pojawi\u0142y si\u0119 dodatkowo dwa trendy zwi\u0105zane z globalizacj\u0105:<br \/>\n  &#8211; <strong>internacjonalizacja koncern\u00f3w przemys\u0142owych<\/strong> (r\u00f3\u017cne ich obszary dzia\u0142alno\u015bci wykonywane s\u0105 w r\u00f3\u017cnych krajach, o r\u00f3\u017cnym poziomie koszt\u00f3w, post\u0119pu technologicznego, specjalizacjom mi\u0119dzynarodowym).<br \/>\n  &#8211; <strong>internacjonalizacja mikro firm<\/strong>, kt\u00f3re dzi\u0119ki technologiom internetowym maj\u0105 mo\u017cliwo\u015bci korzystania z us\u0142ug freelancer\u00f3w w r\u00f3\u017cnych krajach \u015bwiata (Chiny &#8211; produkcja\/sprzeda\u017c, Indie, Wietnam &#8211; us\u0142ugi informatyczne). W ten oto spos\u00f3b powsta\u0142o poj\u0119cie mi\u0119dzynarodowej mikrofirmy (<strong>mikro international company<\/strong>), kt\u00f3re dzi\u0119ki swojej mobilno\u015bci staj\u0105 si\u0119 bardzo konkurencyjne w swoich obszarach dzia\u0142alno\u015bci.<\/p>\n<p>W 2008 roku zosta\u0142 przyj\u0119ty przez <strong>Parlament Europejski<\/strong> Pakiet energetyczno-klimatyczny na kt\u00f3ry sk\u0142adaj\u0105 si\u0119 nast\u0119puj\u0105ce obszary:<br \/>\n-> <strong>ograniczenie emisji gaz\u00f3w cieplarnianych<\/strong>,<br \/>\n-> <strong>promowanie stosowania energii ze \u017ar\u00f3de\u0142 odnawialnych<\/strong>,<br \/>\n-> <strong>podnoszenie sprawno\u015bci energetycznej Unii Europejskiej<\/strong>.<\/p>\n<p>To w\u0142a\u015bnie<strong> pakiet energetyczno-klimatyczny<\/strong> w najbli\u017cszym czasie b\u0119dzie wp\u0142ywa\u0142 na to, jak  musz\u0105 dzia\u0142a\u0107 firmy na rynku. Tylko te firmy przetrwaj\u0105, kt\u00f3re b\u0119d\u0105 w stanie uwzgl\u0119dni\u0107 w swojej dzia\u0142alno\u015bci t\u0105 polityk\u0119 energetyczno-klimatyczn\u0105.<\/p>\n","protected":false},"excerpt":{"rendered":"<p>XIX wiek to okres rewolucji przemys\u0142owej, bazuj\u0105cej przede wszystkim na rozwoju technologii i proces\u00f3w przemys\u0142owych, umo\u017cliwiaj\u0105cych przetwarzanie surowc\u00f3w mineralnych w produkty codziennego u\u017cytku (garnki, sztu\u0107ce, meble, inne) oraz tworzenie infrastruktury niezb\u0119dnej do \u017cycia ludzi na ziemi (kolej, drogi, budynki i budowle). XX wiek to okres zarz\u0105dzania wiedz\u0105, globalizacji oraz pocz\u0105tki rozwoju technologii informatycznych. W ramach [&hellip;]<\/p>\n","protected":false},"author":1,"featured_media":0,"parent":0,"menu_order":0,"comment_status":"closed","ping_status":"open","template":"","meta":{"_uag_custom_page_level_css":"","site-sidebar-layout":"default","site-content-layout":"","ast-site-content-layout":"default","site-content-style":"default","site-sidebar-style":"default","ast-global-header-display":"","ast-banner-title-visibility":"","ast-main-header-display":"","ast-hfb-above-header-display":"","ast-hfb-below-header-display":"","ast-hfb-mobile-header-display":"","site-post-title":"","ast-breadcrumbs-content":"","ast-featured-img":"","footer-sml-layout":"","ast-disable-related-posts":"","theme-transparent-header-meta":"default","adv-header-id-meta":"","stick-header-meta":"","header-above-stick-meta":"","header-main-stick-meta":"","header-below-stick-meta":"","astra-migrate-meta-layouts":"set","ast-page-background-enabled":"default","ast-page-background-meta":{"desktop":{"background-color":"var(--ast-global-color-4)","background-image":"","background-repeat":"repeat","background-position":"center center","background-size":"auto","background-attachment":"scroll","background-type":"","background-media":"","overlay-type":"","overlay-color":"","overlay-opacity":"","overlay-gradient":""},"tablet":{"background-color":"","background-image":"","background-repeat":"repeat","background-position":"center center","background-size":"auto","background-attachment":"scroll","background-type":"","background-media":"","overlay-type":"","overlay-color":"","overlay-opacity":"","overlay-gradient":""},"mobile":{"background-color":"","background-image":"","background-repeat":"repeat","background-position":"center center","background-size":"auto","background-attachment":"scroll","background-type":"","background-media":"","overlay-type":"","overlay-color":"","overlay-opacity":"","overlay-gradient":""}},"ast-content-background-meta":{"desktop":{"background-color":"var(--ast-global-color-5)","background-image":"","background-repeat":"repeat","background-position":"center center","background-size":"auto","background-attachment":"scroll","background-type":"","background-media":"","overlay-type":"","overlay-color":"","overlay-opacity":"","overlay-gradient":""},"tablet":{"background-color":"var(--ast-global-color-5)","background-image":"","background-repeat":"repeat","background-position":"center center","background-size":"auto","background-attachment":"scroll","background-type":"","background-media":"","overlay-type":"","overlay-color":"","overlay-opacity":"","overlay-gradient":""},"mobile":{"background-color":"var(--ast-global-color-5)","background-image":"","background-repeat":"repeat","background-position":"center center","background-size":"auto","background-attachment":"scroll","background-type":"","background-media":"","overlay-type":"","overlay-color":"","overlay-opacity":"","overlay-gradient":""}},"footnotes":""},"class_list":["post-150","page","type-page","status-publish","hentry"],"spectra_custom_meta":{"_edit_last":["1"],"_edit_lock":["1728319803:1"],"_wp_page_template":["default"],"ampforwp-amp-on-off":["default"],"rank_math_robots":["a:1:{i:0;s:5:\"index\";}"],"_vcv-sourceChecksum":["d2c82d7998f7a48c79a22692620958e0"],"vcvSourceCssFileUrl":[""],"_vcv-globalCssMigrated":["1"],"_bsf_post_type":["0"],"_bsf_item_review_type":["none"],"site-sidebar-layout":["default"],"ast-site-content-layout":["default"],"site-content-style":["default"],"site-sidebar-style":["default"],"theme-transparent-header-meta":["default"],"astra-migrate-meta-layouts":["set"],"wp_statistics_words_count":["434"],"_uag_css_file_name":["uag-css-150.css"],"_uag_js_file_name":["uag-js-150.js"],"_uag_page_assets":["a:9:{s:3:\"css\";s:12878:\".wp-block-uagb-container{display:flex;position:relative;box-sizing:border-box;transition-property:box-shadow;transition-duration:0.2s;transition-timing-function:ease}.wp-block-uagb-container .spectra-container-link-overlay{bottom:0;left:0;position:absolute;right:0;top:0;z-index:10}.wp-block-uagb-container.uagb-is-root-container{margin-left:auto;margin-right:auto}.wp-block-uagb-container.alignfull.uagb-is-root-container .uagb-container-inner-blocks-wrap{display:flex;position:relative;box-sizing:border-box;margin-left:auto !important;margin-right:auto !important}.wp-block-uagb-container .wp-block-uagb-blockquote,.wp-block-uagb-container .wp-block-spectra-pro-login,.wp-block-uagb-container .wp-block-spectra-pro-register{margin:unset}.wp-block-uagb-container .uagb-container__video-wrap{height:100%;width:100%;top:0;left:0;position:absolute;overflow:hidden;-webkit-transition:opacity 1s;-o-transition:opacity 1s;transition:opacity 1s}.wp-block-uagb-container .uagb-container__video-wrap video{max-width:100%;width:100%;height:100%;margin:0;line-height:1;border:none;display:inline-block;vertical-align:baseline;-o-object-fit:cover;object-fit:cover;background-size:cover}.wp-block-uagb-container.uagb-layout-grid{display:grid;width:100%}.wp-block-uagb-container.uagb-layout-grid>.uagb-container-inner-blocks-wrap{display:inherit;width:inherit}.wp-block-uagb-container.uagb-layout-grid>.uagb-container-inner-blocks-wrap>.wp-block-uagb-container{max-width:unset !important;width:unset !important}.wp-block-uagb-container.uagb-layout-grid>.wp-block-uagb-container{max-width:unset !important;width:unset !important}.wp-block-uagb-container.uagb-layout-grid.uagb-is-root-container{margin-left:auto;margin-right:auto}.wp-block-uagb-container.uagb-layout-grid.uagb-is-root-container>.wp-block-uagb-container{max-width:unset !important;width:unset !important}.wp-block-uagb-container.uagb-layout-grid.alignwide.uagb-is-root-container{margin-left:auto;margin-right:auto}.wp-block-uagb-container.uagb-layout-grid.alignfull.uagb-is-root-container .uagb-container-inner-blocks-wrap{display:inherit;position:relative;box-sizing:border-box;margin-left:auto !important;margin-right:auto !important}body .wp-block-uagb-container>.uagb-container-inner-blocks-wrap>*:not(.wp-block-uagb-container):not(.wp-block-uagb-column):not(.wp-block-uagb-container):not(.wp-block-uagb-section):not(.uagb-container__shape):not(.uagb-container__video-wrap):not(.wp-block-spectra-pro-register):not(.wp-block-spectra-pro-login):not(.uagb-slider-container):not(.spectra-image-gallery__control-lightbox):not(.wp-block-uagb-info-box),body .wp-block-uagb-container>.uagb-container-inner-blocks-wrap,body .wp-block-uagb-container>*:not(.wp-block-uagb-container):not(.wp-block-uagb-column):not(.wp-block-uagb-container):not(.wp-block-uagb-section):not(.uagb-container__shape):not(.uagb-container__video-wrap):not(.wp-block-spectra-pro-register):not(.wp-block-spectra-pro-login):not(.uagb-slider-container):not(.spectra-container-link-overlay):not(.spectra-image-gallery__control-lightbox):not(.wp-block-uagb-lottie):not(.uagb-faq__outer-wrap){min-width:unset !important;width:100%;position:relative}body .ast-container .wp-block-uagb-container>.uagb-container-inner-blocks-wrap>.wp-block-uagb-container>ul,body .ast-container .wp-block-uagb-container>.uagb-container-inner-blocks-wrap>.wp-block-uagb-container ol,body .ast-container .wp-block-uagb-container>.uagb-container-inner-blocks-wrap>ul,body .ast-container .wp-block-uagb-container>.uagb-container-inner-blocks-wrap ol{max-width:-webkit-fill-available;margin-block-start:0;margin-block-end:0;margin-left:20px}.ast-plain-container .editor-styles-wrapper .block-editor-block-list__layout.is-root-container .uagb-is-root-container.wp-block-uagb-container.alignwide{margin-left:auto;margin-right:auto}.uagb-container__shape{overflow:hidden;position:absolute;left:0;width:100%;line-height:0;direction:ltr}.uagb-container__shape-top{top:-3px}.uagb-container__shape-bottom{bottom:-3px}.uagb-container__shape.uagb-container__invert.uagb-container__shape-bottom,.uagb-container__shape.uagb-container__invert.uagb-container__shape-top{-webkit-transform:rotate(180deg);-ms-transform:rotate(180deg);transform:rotate(180deg)}.uagb-container__shape.uagb-container__shape-flip svg{transform:translateX(-50%) rotateY(180deg)}.uagb-container__shape svg{display:block;width:-webkit-calc(100% + 1.3px);width:calc(100% + 1.3px);position:relative;left:50%;-webkit-transform:translateX(-50%);-ms-transform:translateX(-50%);transform:translateX(-50%)}.uagb-container__shape .uagb-container__shape-fill{-webkit-transform-origin:center;-ms-transform-origin:center;transform-origin:center;-webkit-transform:rotateY(0deg);transform:rotateY(0deg)}.uagb-container__shape.uagb-container__shape-above-content{z-index:9;pointer-events:none}.nv-single-page-wrap .nv-content-wrap.entry-content .wp-block-uagb-container.alignfull{margin-left:calc(50% - 50vw);margin-right:calc(50% - 50vw)}@media only screen and (max-width: 767px){.wp-block-uagb-container .wp-block-uagb-advanced-heading{width:-webkit-fill-available}}.wp-block-uagb-image--align-none{justify-content:center}\n.wp-block-uagb-container.uagb-block-8f821ff9 .uagb-container__shape-top svg{width: calc( 100% + 1.3px );}.wp-block-uagb-container.uagb-block-8f821ff9 .uagb-container__shape.uagb-container__shape-top .uagb-container__shape-fill{fill: rgba(51,51,51,1);}.wp-block-uagb-container.uagb-block-8f821ff9 .uagb-container__shape-bottom svg{width: calc( 100% + 1.3px );}.wp-block-uagb-container.uagb-block-8f821ff9 .uagb-container__shape.uagb-container__shape-bottom .uagb-container__shape-fill{fill: rgba(51,51,51,1);}.wp-block-uagb-container.uagb-block-8f821ff9 .uagb-container__video-wrap video{opacity: 1;}.wp-block-uagb-container.uagb-is-root-container .uagb-block-8f821ff9{max-width: 100%;width: 100%;}.wp-block-uagb-container.uagb-is-root-container.alignfull.uagb-block-8f821ff9 > .uagb-container-inner-blocks-wrap{--inner-content-custom-width: min( 100%, 1200px);max-width: var(--inner-content-custom-width);width: 100%;flex-direction: column;align-items: center;justify-content: center;flex-wrap: nowrap;row-gap: 20px;column-gap: 20px;}.wp-block-uagb-container.uagb-block-8f821ff9{box-shadow: 0px 0px   #00000070 ;padding-top: 10px;padding-bottom: 10px;padding-left: 10px;padding-right: 10px;margin-top:  !important;margin-bottom:  !important;overflow: visible;order: initial;border-color: inherit;row-gap: 20px;column-gap: 20px;}@media only screen and (max-width: 976px) {.wp-block-uagb-container.uagb-is-root-container .uagb-block-8f821ff9{width: 100%;}.wp-block-uagb-container.uagb-is-root-container.alignfull.uagb-block-8f821ff9 > .uagb-container-inner-blocks-wrap{--inner-content-custom-width: min( 100%, 1024px);max-width: var(--inner-content-custom-width);width: 100%;}.wp-block-uagb-container.uagb-block-8f821ff9{padding-top: 10px;padding-bottom: 10px;padding-left: 10px;padding-right: 10px;margin-top:  !important;margin-bottom:  !important;order: initial;}}@media only screen and (max-width: 767px) {.wp-block-uagb-container.uagb-is-root-container .uagb-block-8f821ff9{max-width: 100%;width: 100%;}.wp-block-uagb-container.uagb-is-root-container.alignfull.uagb-block-8f821ff9 > .uagb-container-inner-blocks-wrap{--inner-content-custom-width: min( 100%, 767px);max-width: var(--inner-content-custom-width);width: 100%;flex-wrap: wrap;}.wp-block-uagb-container.uagb-block-8f821ff9{padding-top: 10px;padding-bottom: 10px;padding-left: 10px;padding-right: 10px;margin-top:  !important;margin-bottom:  !important;order: initial;}}.uag-blocks-common-selector{z-index:var(--z-index-desktop) !important}@media (max-width: 976px){.uag-blocks-common-selector{z-index:var(--z-index-tablet) !important}}@media (max-width: 767px){.uag-blocks-common-selector{z-index:var(--z-index-mobile) !important}}\n.uagb-social-share__outer-wrap,.uagb-social-share__wrap{display:flex;align-items:center;justify-content:center}.uagb-social-share__layout-vertical.uagb-social-share__outer-wrap,.uagb-social-share__layout-vertical .uagb-social-share__wrap{flex-direction:column}.uagb-social-share__layout-vertical .wp-block-uagb-social-share-child.uagb-ss-repeater.uagb-ss__wrapper:first-child{margin-top:0 !important}.uagb-social-share__layout-vertical .wp-block-uagb-social-share-child.uagb-ss-repeater.uagb-ss__wrapper:last-child{margin-bottom:0 !important}.uagb-social-share__outer-wrap a.uagb-button__link:focus{box-shadow:none}.uagb-social-share__outer-wrap .uagb-ss__wrapper{padding:0;margin-left:5px;margin-right:5px;transition:all 0.2s;display:inline-flex;text-align:center}.uagb-social-share__outer-wrap .uagb-ss__source-wrap{display:inline-block}.uagb-social-share__outer-wrap .uagb-ss__link{color:#3a3a3a;display:inline-table;line-height:0;cursor:pointer}.uagb-social-share__outer-wrap .uagb-ss__source-icon{font-size:40px;width:40px;height:40px}.uagb-social-share__outer-wrap .uagb-ss__source-image{width:40px}@media (max-width: 976px){.uagb-social-share__layout-horizontal .uagb-ss__wrapper{margin-left:0;margin-right:0}}.uagb-social-share__layout-horizontal .wp-block-uagb-social-share-child.uagb-ss-repeater.uagb-ss__wrapper:first-child{margin-left:0 !important}.uagb-social-share__layout-horizontal .wp-block-uagb-social-share-child.uagb-ss-repeater.uagb-ss__wrapper:last-child{margin-right:0 !important}\n.wp-block-uagb-social-share .uagb-social-share__wrapper{text-decoration:none}.uagb-social-share__wrapper{box-shadow:none}.uagb-social-share__outer-wrap:not(.uagb-social-share__no-label) .uagb-social-share__source-wrap{margin-right:15px}.uagb-social-share__outer-wrap.uagb-social-share__icon-at-top .uagb-social-share__source-wrap{-ms-flex-item-align:flex-start;align-self:flex-start;margin-top:5px}\n.uagb-block-3ae33ecd .uagb-ss-repeater span.uagb-ss__link{color: #3a3a3a;}.uagb-block-3ae33ecd .uagb-ss-repeater a.uagb-ss__link{color: #3a3a3a;}.uagb-block-3ae33ecd .uagb-ss-repeater span.uagb-ss__link svg{fill: #3a3a3a;}.uagb-block-3ae33ecd .uagb-ss-repeater a.uagb-ss__link svg{fill: #3a3a3a;}.uagb-block-3ae33ecd.uagb-social-share__layout-vertical .uagb-ss__wrapper{margin-left: 0;margin-right: 0;margin-top: 5px;margin-bottom: 5px;}.uagb-block-3ae33ecd.uagb-social-share__layout-vertical .uagb-ss__link{padding: 10px;}.uagb-block-3ae33ecd.uagb-social-share__layout-horizontal .uagb-ss__link{padding: 10px;}.uagb-block-3ae33ecd.uagb-social-share__layout-horizontal .uagb-ss__wrapper{margin-left: 5px;margin-right: 5px;}.uagb-block-3ae33ecd .wp-block-uagb-social-share-child {border-radius: 0px;}.uagb-block-3ae33ecd .uagb-ss__source-wrap{width: 30px;}.uagb-block-3ae33ecd .uagb-ss__source-wrap svg{width: 30px;height: 30px;}.uagb-block-3ae33ecd .uagb-ss__source-image{width: 30px;}.uagb-block-3ae33ecd .uagb-ss__source-icon{width: 30px;height: 30px;font-size: 30px;}.uagb-block-3ae33ecd.uagb-social-share__outer-wrap{justify-content: center;-webkit-box-pack: center;-ms-flex-pack: center;-webkit-box-align: center;-ms-flex-align: center;align-items: center;}.uagb-block-8a7dc216.uagb-ss-repeater span.uagb-ss__link{color: #3b5998;}.uagb-block-8a7dc216.uagb-ss-repeater a.uagb-ss__link{color: #3b5998;}.uagb-block-8a7dc216.uagb-ss-repeater span.uagb-ss__link svg{fill: #3b5998;}.uagb-block-8a7dc216.uagb-ss-repeater a.uagb-ss__link svg{fill: #3b5998;}.uagb-block-35957603.uagb-ss-repeater span.uagb-ss__link{color: #55acee;}.uagb-block-35957603.uagb-ss-repeater a.uagb-ss__link{color: #55acee;}.uagb-block-35957603.uagb-ss-repeater span.uagb-ss__link svg{fill: #55acee;}.uagb-block-35957603.uagb-ss-repeater a.uagb-ss__link svg{fill: #55acee;}.uagb-block-515c7d20.uagb-ss-repeater span.uagb-ss__link{color: #0077b5;}.uagb-block-515c7d20.uagb-ss-repeater a.uagb-ss__link{color: #0077b5;}.uagb-block-515c7d20.uagb-ss-repeater span.uagb-ss__link svg{fill: #0077b5;}.uagb-block-515c7d20.uagb-ss-repeater a.uagb-ss__link svg{fill: #0077b5;}@media only screen and (max-width: 976px) {.uagb-block-3ae33ecd.uagb-social-share__layout-vertical .uagb-ss__wrapper{margin-left: 0;margin-right: 0;margin-top: 5px;margin-bottom: 5px;}.uagb-block-3ae33ecd.uagb-social-share__layout-horizontal .uagb-ss__wrapper{margin-left: 5px;margin-right: 5px;}.uagb-block-3ae33ecd.uagb-social-share__outer-wrap{justify-content: center;-webkit-box-pack: center;-ms-flex-pack: center;-webkit-box-align: center;-ms-flex-align: center;align-items: center;}}@media only screen and (max-width: 767px) {.uagb-block-3ae33ecd.uagb-social-share__layout-vertical .uagb-ss__wrapper{margin-left: 0;margin-right: 0;margin-top: 5px;margin-bottom: 5px;}.uagb-block-3ae33ecd.uagb-social-share__layout-horizontal .uagb-ss__wrapper{margin-left: 5px;margin-right: 5px;}.uagb-block-3ae33ecd.uagb-social-share__outer-wrap{justify-content: center;-webkit-box-pack: center;-ms-flex-pack: center;-webkit-box-align: center;-ms-flex-align: center;align-items: center;}}\";s:2:\"js\";s:921:\"document.addEventListener(\"DOMContentLoaded\", function(){ var ssLinksParent = document.querySelector( '.uagb-block-3ae33ecd' );\nssLinksParent?.addEventListener( 'keyup', function ( e ) {\nvar link = e.target.closest( '.uagb-ss__link' );\nif ( link && e.keyCode === 13 ) {\n\thandleSocialLinkClick( link );\n}\n});\n\nssLinksParent?.addEventListener( 'click', function ( e ) {\nvar link = e.target.closest( '.uagb-ss__link' );\nif ( link ) {\n\thandleSocialLinkClick( link );\n}\n});\n\nfunction handleSocialLinkClick( link ) {\nvar social_url = link.dataset.href;\nvar target = \"\";\nif ( social_url == \"mailto:?body=\" ) {\n\ttarget = \"_self\";\n}\nvar request_url = \"\";\nif ( social_url.indexOf(\"\/pin\/create\/link\/?url=\") !== -1 ) {\n\trequest_url = social_url + encodeURIComponent( window.location.href ) + \"&media=\" + '';\n} else {\n\trequest_url = social_url + encodeURIComponent( window.location.href );\n}\nwindow.open( request_url, target );\n}\n });\";s:18:\"current_block_list\";a:6:{i:0;s:14:\"uagb\/container\";i:1;s:17:\"core\/widget-group\";i:2;s:15:\"core\/categories\";i:3;s:10:\"core\/image\";i:4;s:17:\"uagb\/social-share\";i:5;s:23:\"uagb\/social-share-child\";}s:8:\"uag_flag\";b:1;s:11:\"uag_version\";s:10:\"1775764472\";s:6:\"gfonts\";a:0:{}s:10:\"gfonts_url\";s:0:\"\";s:12:\"gfonts_files\";a:0:{}s:14:\"uag_faq_layout\";b:0;}"]},"uagb_featured_image_src":{"full":false,"thumbnail":false,"medium":false,"medium_large":false,"large":false,"1536x1536":false,"2048x2048":false},"uagb_author_info":{"display_name":"PROSUN","author_link":"https:\/\/biz24.com.pl\/?author=1"},"uagb_comment_info":0,"uagb_excerpt":"XIX wiek to okres rewolucji przemys\u0142owej, bazuj\u0105cej przede wszystkim na rozwoju technologii i proces\u00f3w przemys\u0142owych, umo\u017cliwiaj\u0105cych przetwarzanie surowc\u00f3w mineralnych w produkty codziennego u\u017cytku (garnki, sztu\u0107ce, meble, inne) oraz tworzenie infrastruktury niezb\u0119dnej do \u017cycia ludzi na ziemi (kolej, drogi, budynki i budowle). XX wiek to okres zarz\u0105dzania wiedz\u0105, globalizacji oraz pocz\u0105tki rozwoju technologii informatycznych. W ramach&hellip;","_links":{"self":[{"href":"https:\/\/biz24.com.pl\/index.php?rest_route=\/wp\/v2\/pages\/150","targetHints":{"allow":["GET"]}}],"collection":[{"href":"https:\/\/biz24.com.pl\/index.php?rest_route=\/wp\/v2\/pages"}],"about":[{"href":"https:\/\/biz24.com.pl\/index.php?rest_route=\/wp\/v2\/types\/page"}],"author":[{"embeddable":true,"href":"https:\/\/biz24.com.pl\/index.php?rest_route=\/wp\/v2\/users\/1"}],"replies":[{"embeddable":true,"href":"https:\/\/biz24.com.pl\/index.php?rest_route=%2Fwp%2Fv2%2Fcomments&post=150"}],"version-history":[{"count":8,"href":"https:\/\/biz24.com.pl\/index.php?rest_route=\/wp\/v2\/pages\/150\/revisions"}],"predecessor-version":[{"id":1417,"href":"https:\/\/biz24.com.pl\/index.php?rest_route=\/wp\/v2\/pages\/150\/revisions\/1417"}],"wp:attachment":[{"href":"https:\/\/biz24.com.pl\/index.php?rest_route=%2Fwp%2Fv2%2Fmedia&parent=150"}],"curies":[{"name":"wp","href":"https:\/\/api.w.org\/{rel}","templated":true}]}}